{"id":64,"date":"2021-02-05T18:03:45","date_gmt":"2021-02-05T23:03:45","guid":{"rendered":"https:\/\/live.bu.edu\/whitehat\/?page_id=64"},"modified":"2025-06-09T13:55:37","modified_gmt":"2025-06-09T17:55:37","slug":"agenda","status":"publish","type":"page","link":"https:\/\/live.bu.edu\/whitehat\/agenda\/","title":{"rendered":"2025 International White Hat Conference: Tentative Program"},"content":{"rendered":"<div class=\"bu_collapsible_container \" aria-live=\"polite\" data-customize-animation=\"false\"><h3 class=\"bu_collapsible\" aria-expanded=\"false\"tabindex=\"0\" role=\"button\">Monday, June 9, 2025<\/h3><div class=\"bu_collapsible_section\" style=\"display: none;\">\n<table width=\"637\">\n<tbody>\n<tr style=\"background-color: #ddd;\">\n<td width=\"196\"><strong>Monday, JUNE 9<\/strong><\/td>\n<td width=\"441\"><strong>Cybercrime Investigation Challenge Details <\/strong><\/td>\n<\/tr>\n<tr>\n<td width=\"196\"><strong>11:00\u201311:50 <\/strong><\/td>\n<td width=\"441\"><strong>Student Poster Session <\/strong><\/td>\n<\/tr>\n<tr>\n<td width=\"196\"><strong>12:00\u201313:00 <\/strong><\/td>\n<td width=\"441\"><strong>Lunch <\/strong><\/td>\n<\/tr>\n<tr>\n<td width=\"196\"><strong>13:00\u201314:00 <\/strong><\/td>\n<td width=\"441\"><strong>Cybercrime Investigation Challenge Orientation (Invited Teams Only) <\/strong><\/td>\n<\/tr>\n<tr>\n<td width=\"196\"><strong>14:00\u201302:00<\/strong><\/td>\n<td width=\"441\"><strong>Cybercrime Investigation Challenge Begins <\/strong><\/p>\n<p><strong>Challenge Completes at 02:00, Monday, June 9 (12 hours) <\/strong><\/td>\n<\/tr>\n<\/tbody>\n<\/table>\n<p><\/div>\n<\/div>\n<div class=\"bu_collapsible_container \" aria-live=\"polite\" data-customize-animation=\"false\"><h3 class=\"bu_collapsible\" aria-expanded=\"false\"tabindex=\"0\" role=\"button\">CONFERENCE DAY 1: Tuesday, June 10 (Location: School of Law\/Escuela de Leyes, Commencement Room\/Sal\u00f3n de Grados at University of Le\u00f3n)<\/h3><div class=\"bu_collapsible_section\" style=\"display: none;\"><\/p>\n<p><strong>Master of Ceremonies (MC)<\/strong>: Dr. Michael Jenkins, Professor and Department Chair, Department of Criminal Justice, Cybersecurity and Sociology at the University of Scranton<\/p>\n<table width=\"624\">\n<tbody>\n<tr style=\"background-color: #ddd;\">\n<td width=\"126\"><strong>TUESDAY, JUNE 10<\/strong><\/td>\n<td colspan=\"2\" width=\"203\"><strong>Speakers<\/strong><\/td>\n<td colspan=\"2\" width=\"295\"><strong>TITLE\/ NATIONALITY<\/strong><\/td>\n<\/tr>\n<tr style=\"border-bottom: #ddd 1px solid;\">\n<td width=\"126\"><strong>09:30\u201311:00<\/strong><\/td>\n<td colspan=\"4\" width=\"497\"><strong>Opening Ceremonies<\/strong><\/td>\n<\/tr>\n<tr>\n<td width=\"126\">Opening Speaker 1<\/td>\n<td colspan=\"2\" width=\"203\">Dr. Jos\u00e9 Alberto Ben\u00edtez Andrades<\/td>\n<td colspan=\"2\" width=\"295\">Vice-Rector for Internationalization and Global Engagement of the University of Le\u00f3n, Spain<\/td>\n<\/tr>\n<tr>\n<td width=\"126\">Opening Speaker 2<\/td>\n<td colspan=\"2\" width=\"203\">Dr. Antonio Hernando Vera<\/td>\n<td colspan=\"2\" width=\"295\">Secretario de Estado de Telecomunicaciones, Infraestructuras Digitales y Seguridad Digital, Spain<\/td>\n<\/tr>\n<tr>\n<td width=\"126\">Opening Speaker 3<\/td>\n<td colspan=\"2\" width=\"203\">Dr. Lou Chitkushev<\/td>\n<td colspan=\"2\" width=\"295\"><a href=\"https:\/\/www.bu.edu\/met\/profile\/lou-chitkushev\/\">Senior Associate Dean for Academic Affairs,<\/a> <a href=\"https:\/\/www.bu.edu\/met\/profile\/lou-chitkushev\/\">Associate Professor of Computer Science, and<\/a> <a href=\"https:\/\/www.bu.edu\/met\/profile\/lou-chitkushev\/\">Director of Health Informatics &amp; Health Sciences, Boston University<\/a>, USA<\/td>\n<\/tr>\n<tr>\n<td width=\"126\">Opening Speaker 4<\/td>\n<td colspan=\"2\" width=\"203\">Dr. Jos\u00e9 Luis Sanz Merino<\/td>\n<td colspan=\"2\" width=\"295\">Regional Minister of Mobility and Digital Transformation of the Junta de Castilla y Le\u00f3n, Spain<\/td>\n<\/tr>\n<tr>\n<td width=\"126\">Opening Speaker 5<\/td>\n<td colspan=\"2\" width=\"203\">Dr. Jos\u00e9 Antonio D\u00edez D\u00edaz<\/td>\n<td colspan=\"2\" width=\"295\">Mayor of the City of Le\u00f3n, Spain<\/td>\n<\/tr>\n<tr>\n<td width=\"126\">Opening Speaker 6<\/td>\n<td colspan=\"2\" width=\"203\">Dr. F\u00e9lix Barrio Ju\u00e1rez<\/td>\n<td colspan=\"2\" width=\"295\">Director of <a href=\"https:\/\/www.incibe.es\/en\">INCIBE (Institute of National Cybersecurity)<\/a>, Spain<\/td>\n<\/tr>\n<tr>\n<td width=\"126\">Opening Remarks<\/td>\n<td colspan=\"2\" width=\"203\">Dr. Kyung-Shick Choi<\/td>\n<td colspan=\"2\" width=\"295\">Founder of the White Hat Conference and <a href=\"https:\/\/www.bu.edu\/met\/profile\/kyung-shick-choi\/\">Director of Cybercrime Investigation &amp; Cybersecurity Programs, Boston University<\/a>, USA<\/td>\n<\/tr>\n<tr style=\"border: #ddd 1px solid;\">\n<td width=\"126\"><strong>11:00\u201312:15<\/strong><\/td>\n<td colspan=\"4\" width=\"497\"><strong>Keynote Session<\/strong><\/td>\n<\/tr>\n<tr>\n<td width=\"126\">Keynote Speaker 1<\/td>\n<td colspan=\"2\" width=\"203\">Dr. Catarina Sarmento e Castro<\/td>\n<td colspan=\"2\" width=\"295\">Minister of Justice of Portugal (2022\u20132024);<\/p>\n<p>Professor at Law, University of Coimbra, Portugal<\/td>\n<\/tr>\n<tr>\n<td width=\"126\">Keynote Speaker 2<\/td>\n<td colspan=\"2\" width=\"203\">Dr. J. Eduardo Campos<\/td>\n<td colspan=\"2\" width=\"295\">EMPA CISSP CPP, Spain<\/td>\n<\/tr>\n<tr>\n<td width=\"126\">Moderator<\/td>\n<td colspan=\"2\" width=\"203\">Dr. Ana Aba Catoira<\/td>\n<td colspan=\"2\" width=\"295\">Vice-Dean for Academic Planning at the University of Coru\u00f1a, Spain<\/td>\n<\/tr>\n<tr style=\"border: #ddd 1px solid;\">\n<td width=\"126\"><strong>12:15\u201312:45<\/strong><\/td>\n<td colspan=\"4\" width=\"497\"><strong>Break<\/strong><\/td>\n<\/tr>\n<tr style=\"border-bottom: #ddd 1px solid;\">\n<td width=\"126\"><strong>12:45\u201313:00<\/strong><\/td>\n<td colspan=\"4\" width=\"497\"><strong>White Hat Team Introduction<\/strong><\/td>\n<\/tr>\n<tr style=\"border-bottom: #ddd 1px solid;\">\n<td width=\"126\"><strong>13:00\u201314:15<\/strong><\/td>\n<td colspan=\"4\" width=\"497\"><strong>Legal Expert Session<\/strong><\/td>\n<\/tr>\n<tr>\n<td width=\"126\">LE Speaker 1<\/td>\n<td colspan=\"2\" width=\"203\">Dr. Alexandru Caciuloiu<\/td>\n<td colspan=\"2\" width=\"295\">Deputy Head of Unit, <a href=\"https:\/\/www.cepol.europa.eu\/es\">EU Agency for Law Enforcement Training (CEPOL)<\/a>, Bulgaria<\/td>\n<\/tr>\n<tr>\n<td width=\"126\">LE Speaker 2<\/td>\n<td colspan=\"2\" width=\"203\">Dr. Alexandre Casadevall Portas<\/td>\n<td colspan=\"2\" width=\"295\">Cyber Crime Prosecutor\u2019s Office, Spain<\/td>\n<\/tr>\n<tr>\n<td width=\"126\">Moderator<\/td>\n<td colspan=\"2\" width=\"203\">Dr. Subhajit Basu<\/td>\n<td colspan=\"2\" width=\"295\">Professor of Law and Technology, University of Leeds School of Law, UK<\/td>\n<\/tr>\n<tr style=\"border: #ddd 1px solid;\">\n<td width=\"126\"><strong>14:15\u201315:15<\/strong><\/td>\n<td colspan=\"4\" width=\"497\"><strong>Lunch Break: School of Law, Garden Area<\/strong><\/td>\n<\/tr>\n<tr style=\"border: #ddd 1px solid;\">\n<td width=\"126\"><strong>15:30\u201315:45<\/strong><\/td>\n<td colspan=\"4\" width=\"497\"><strong>Transfer to INCIBE (Institute of National Cybersecurity)<\/strong><\/td>\n<\/tr>\n<tr style=\"border-bottom: #ddd 1px solid;\">\n<td colspan=\"5\" width=\"624\"><strong>Afternoon Sessions: INCIBE Ceremonies Room\/Sal\u00f3n de Actos<\/strong><\/td>\n<\/tr>\n<tr>\n<td colspan=\"2\" width=\"141\"><strong>15:45\u201316:00<\/strong><\/td>\n<td colspan=\"3\" width=\"482\"><strong>Welcome Remarks from INCIBE <\/strong><a href=\"https:\/\/www.incibe.es\/en\"><strong>https:\/\/www.incibe.es\/en<\/strong><\/a><\/td>\n<\/tr>\n<tr>\n<td colspan=\"2\" width=\"141\"><strong>16:00\u201317:15<\/strong><\/td>\n<td colspan=\"3\" width=\"482\"><strong>Technical Investigation Panel<\/strong><\/td>\n<\/tr>\n<tr>\n<td colspan=\"2\" width=\"141\">Panelist 1<\/td>\n<td colspan=\"2\" width=\"227\">Mr. Lorne Lantz<\/td>\n<td width=\"256\">Founder and <a href=\"https:\/\/www.linkedin.com\/in\/lornelantz\/\">CEO, Breadcrumbs; Crypto Investigation Specialist<\/a>, Canada<\/td>\n<\/tr>\n<tr>\n<td colspan=\"2\" width=\"141\">Panelist 2<\/td>\n<td colspan=\"2\" width=\"227\">Dr. Bel\u00e9n Arribas S\u00e1nchez<\/td>\n<td width=\"256\">President, ENATIC, Spain<\/td>\n<\/tr>\n<tr>\n<td colspan=\"2\" width=\"141\">Moderator<\/td>\n<td colspan=\"2\" width=\"227\">Dr. Sinchul Back<\/td>\n<td width=\"256\"><a href=\"https:\/\/www.scranton.edu\/directory\/profiles\/cj-cybersecurity-and-sociology\/sinchul-back.shtml\">Associate Professor of Criminal Justice, Cybersecurity &amp; Sociology, University of Scranton<\/a>, USA<\/td>\n<\/tr>\n<tr style=\"border: #ddd 1px solid;\">\n<td colspan=\"2\" width=\"141\"><strong>17:15\u201317:45<\/strong><\/td>\n<td colspan=\"3\" width=\"482\"><strong>Break<\/strong><\/td>\n<\/tr>\n<tr style=\"border: #ddd 1px solid;\">\n<td colspan=\"2\" width=\"141\"><strong>17:45\u201319:30<\/strong><\/td>\n<td colspan=\"3\" width=\"482\"><strong>Special Discussion Panel: Global Intelligence Perspectives and Strategies<\/strong><\/td>\n<\/tr>\n<tr>\n<td colspan=\"2\" width=\"141\">Panelist 1<\/td>\n<td colspan=\"2\" width=\"227\">Dr. Ilia Kolochenko<\/td>\n<td width=\"256\">Chief Architect and <a href=\"https:\/\/www.europeanlawinstitute.eu\/membership\/individual-members\/ilia-kolochenko\/\">CEO at ImmuniWeb<\/a>, Switzerland; Attorney-at-Law (Washington, DC), USA<\/td>\n<\/tr>\n<tr>\n<td colspan=\"2\" width=\"141\">Panelist 2<\/td>\n<td colspan=\"2\" width=\"227\">Dr. Wook Kang<\/td>\n<td width=\"256\">Professor, Korean National Police University, South Korea<\/td>\n<\/tr>\n<tr>\n<td colspan=\"2\" width=\"141\">Panelist 3<\/td>\n<td colspan=\"2\" width=\"227\">Dr. Jan Ellermann<\/td>\n<td width=\"256\">Senior Specialist, EUROPOL<\/td>\n<\/tr>\n<tr>\n<td colspan=\"2\" width=\"141\">Panelist 4<\/td>\n<td colspan=\"2\" width=\"227\">Dr. Mar\u00eda Eugenia Hern\u00e1ndez Fern\u00e1ndez<\/td>\n<td width=\"256\">International Cooperation Prosecutor&#8217;s Office, Spain<\/td>\n<\/tr>\n<tr>\n<td colspan=\"2\" width=\"141\">Moderator<\/td>\n<td colspan=\"2\" width=\"227\">Dr. Gergely Dzsinich<\/td>\n<td width=\"256\">Attorney and Executive Advisor, Hungary<\/td>\n<\/tr>\n<tr style=\"border: #ddd 1px solid;\">\n<td colspan=\"2\" width=\"141\"><strong>19:30\u201320:00<\/strong><\/p>\n<p><strong>\u00a0<\/strong><\/td>\n<td colspan=\"3\" width=\"482\"><strong>Interview With Cybercrime Investigation Competition Committee<\/strong><\/p>\n<p>\u00b7\u00a0\u00a0\u00a0\u00a0\u00a0\u00a0 Cybercrime Investigation Competition: Top 3 Teams<\/p>\n<p>\u00b7\u00a0\u00a0\u00a0\u00a0\u00a0\u00a0 Closing Announcement for Day 1<\/td>\n<\/tr>\n<tr>\n<td colspan=\"2\" width=\"141\">CTF Committee Members<\/td>\n<td colspan=\"2\" width=\"227\">Dr. Sinchul Back<\/td>\n<td width=\"256\"><a href=\"https:\/\/www.scranton.edu\/directory\/profiles\/cj-cybersecurity-and-sociology\/sinchul-back.shtml\">Associate Professor of Criminal Justice, Cybersecurity &amp; Sociology, University of Scranton<\/a>, USA<\/td>\n<\/tr>\n<tr>\n<td colspan=\"2\" width=\"141\"><\/td>\n<td colspan=\"2\" width=\"227\">Dr. Wolfgang Lindner<\/td>\n<td width=\"256\"><a href=\"https:\/\/akademie-der-polizei.hamburg.de\/prof-dr-lindner-770336\">Professor, Institute\/Department of Digital Forensics and Cybercrime, University at the Hamburg Police Academy, Germany<\/a><\/td>\n<\/tr>\n<\/tbody>\n<\/table>\n<p><\/div>\n<\/div>\n<div class=\"bu_collapsible_container \" aria-live=\"polite\" data-customize-animation=\"false\"><h3 class=\"bu_collapsible\" aria-expanded=\"false\"tabindex=\"0\" role=\"button\">CONFERENCE DAY 2: WEDNESDAY, JUNE 11 (LOCATIONS: CITY COUNCIL, GUZMANES PALACE, GAUD\u00cd\u2019S BUILDING)<\/h3><div class=\"bu_collapsible_section\" style=\"display: none;\"><\/p>\n<table width=\"623\">\n<tbody>\n<tr style=\"background-color: #ddd;\">\n<td colspan=\"3\" width=\"623\"><strong>Plenary Hall of the City Council\/ Sal\u00f3n de Plenos de la Diputaci\u00f3n de la Ciudad<\/strong><\/td>\n<\/tr>\n<tr>\n<td width=\"127\"><strong>09:30\u201310:00<\/strong><\/td>\n<td colspan=\"2\" width=\"497\"><strong>Program Announcement: <\/strong>Introducing Top 3 Teams and Judges<\/td>\n<\/tr>\n<tr>\n<td width=\"127\"><strong>10:00\u201311:00<\/strong><\/td>\n<td colspan=\"2\" width=\"497\"><strong>Mock Trial Session 1: <\/strong>Cybercrime Investigation<\/p>\n<p>Expert Testimony<\/p>\n<ul>\n<li>Top 3 Teams Introduction<\/li>\n<\/ul>\n<\/td>\n<\/tr>\n<tr style=\"border: #ddd 1px solid;\">\n<td width=\"127\"><strong>11:00\u201311:30<\/strong><\/td>\n<td colspan=\"2\" width=\"497\"><strong>Break<\/strong><\/td>\n<\/tr>\n<tr>\n<td width=\"127\"><strong>11:30\u201312:45<\/strong><\/td>\n<td colspan=\"2\" width=\"497\"><strong>Mock Trial Session 2: <\/strong>Judges\u2019 Decision<\/td>\n<\/tr>\n<tr>\n<td width=\"127\">Judge 1<\/td>\n<td width=\"154\">Dr. Gergely Dzsinich<\/td>\n<td width=\"343\"><a href=\"https:\/\/cybersecurityadvisors.network\/cv\/greg-dzsinich\/\">Attorney and Executive Advisor<\/a>, Hungary<\/td>\n<\/tr>\n<tr>\n<td width=\"127\">Judge 2<\/td>\n<td width=\"154\">Dr. Subhajit Basu<\/td>\n<td width=\"343\"><a href=\"https:\/\/essl.leeds.ac.uk\/law\/staff\/178\/professor-subhajit-basu-\">Professor of Law and Technology, University of Leeds School of Law<\/a>, UK<\/td>\n<\/tr>\n<tr>\n<td width=\"127\">Judge 2<\/td>\n<td width=\"154\">Dr. Marlon Mike Toro-Alvarez<\/td>\n<td width=\"343\"><a href=\"https:\/\/cesjul.org\/marlon-mike-toro-alvarez\/\"><\/a>Frm. Lieutenant Colonel, Colombian National Police; Assistant Professor, Colombia<\/td>\n<\/tr>\n<tr>\n<td width=\"127\">Mock Trial Moderator<\/td>\n<td width=\"154\">Dr. Jennifer LaPrade<\/td>\n<td width=\"343\"><a href=\"https:\/\/criminology.missouristate.edu\/profile-display.aspx?p=jlaprade\">Associate Professor of Criminology, Missouri State University<\/a>, USA<\/td>\n<\/tr>\n<tr style=\"border-bottom: #ddd 1px solid;\">\n<td width=\"127\"><strong>13:00\u201313:20<\/strong><\/td>\n<td colspan=\"2\" width=\"497\"><strong>Plenary Hall of the Guzmanes Palace<\/strong><\/td>\n<\/tr>\n<tr style=\"border-bottom: #ddd 1px solid;\">\n<td width=\"127\"><strong>13:20\u201313:30<\/strong><\/td>\n<td colspan=\"2\" width=\"497\">\n<ul>\n<li><strong>Welcome Address:<\/strong> General Deputy of the Provincial Council of Le\u00f3n<\/li>\n<li><strong>Acknowledgment and Transition:<\/strong> Representative of the White Hat Conference<\/li>\n<\/ul>\n<\/td>\n<\/tr>\n<tr style=\"border-bottom: #ddd 1px solid;\">\n<td width=\"127\"><strong>13:30\u201315:30<\/strong><\/td>\n<td colspan=\"2\" width=\"497\"><strong>Lunch Break: <\/strong>Courtyard of the Provincial Council Cloister<\/td>\n<\/tr>\n<tr style=\"border-bottom: #ddd 1px solid;\">\n<td colspan=\"3\" width=\"623\"><strong>Return to the Plenary Hall of the City Council\/ Sal\u00f3n de Plenos de la Diputaci\u00f3n de la Ciudad<\/strong><\/td>\n<\/tr>\n<tr>\n<td width=\"127\">Mock Trial Moderator<\/td>\n<td width=\"154\">Dr. Jennifer LaPrade<\/td>\n<td width=\"343\"><a href=\"https:\/\/criminology.missouristate.edu\/profile-display.aspx?p=jlaprade\">Associate Professor of Criminology, Missouri State University<\/a>, USA<\/td>\n<\/tr>\n<tr style=\"border: #ddd 1px solid;\">\n<td width=\"127\"><strong>15:30\u201316:30<\/strong><\/td>\n<td colspan=\"2\" width=\"497\"><strong>Student Paper Presentation: <\/strong>Q&amp;A: 15 minutes per person, plus an additional 15 minutes<\/td>\n<\/tr>\n<tr>\n<td width=\"127\">Speaker 1<\/td>\n<td width=\"154\">Maria Gonzalez Garcia (2nd place)<\/td>\n<td width=\"343\">Graduate Student, Universidad de Valladolid, Spain<\/td>\n<\/tr>\n<tr>\n<td width=\"127\">Speaker 2<\/td>\n<td width=\"154\">Amy Lim (1st Place)<\/td>\n<td width=\"343\">Graduate Student, Boston University, USA<\/td>\n<\/tr>\n<tr>\n<td width=\"127\">Moderator<\/td>\n<td width=\"154\">Chris Kayser<\/td>\n<td width=\"343\">Founder, President, and CEO of Cybercrime Analytics, Inc., Canada<\/td>\n<\/tr>\n<tr style=\"border: #ddd 1px solid;\">\n<td width=\"127\"><strong>16:30\u201317:30<\/strong><\/td>\n<td colspan=\"2\" width=\"497\"><strong>Career Fair<\/strong><\/td>\n<\/tr>\n<tr>\n<td width=\"127\"><strong>Speaker 1<\/strong><\/td>\n<td width=\"154\">Ms. Miriam Verde Trabada<\/td>\n<td width=\"343\">General Secretariat of <a href=\"https:\/\/www.incibe.es\/en\">INCIBE<\/a>, Spain<\/td>\n<\/tr>\n<tr>\n<td width=\"127\"><strong>Speaker 2<\/strong><\/td>\n<td width=\"154\">Dr. Jos\u00e9 Luis P\u00e9rez Manzano<\/td>\n<td width=\"343\">Lieutenant of the Civil Guard, Member of the Criminal Cyberintelligence Group of the Judicial Police Technical Unit<\/td>\n<\/tr>\n<tr>\n<td width=\"127\">Career Fair Moderator<\/td>\n<td width=\"154\">Ms. Petra Gunder<\/td>\n<td width=\"343\">Co-Founder and Coordinator, Transatlantic Dialogue<\/td>\n<\/tr>\n<tr style=\"border-bottom: #ddd 1px solid;\">\n<td width=\"127\"><strong>17:30\u201318:00<\/strong><\/td>\n<td colspan=\"2\" width=\"497\"><strong>Break<\/strong><\/td>\n<\/tr>\n<tr style=\"border: #ddd 1px solid;\">\n<td width=\"127\"><strong>18:00\u201318:30<\/strong><\/td>\n<td colspan=\"2\" width=\"497\"><strong>Award Ceremony: <u>Plenary Hall of the City Council<\/u><\/strong><\/p>\n<p><strong>Award Presenters:\u00a0<\/strong><\/p>\n<ul>\n<li>Kyung-Shick Choi, Founder of the White Hat Conference<\/li>\n<li>Sherman Farhad, Judge Spokesman of the Competition and Director of the International Relations, Global Engagement Area at the University of Le\u00f3n<\/li>\n<li>Proconsi Representative<\/li>\n<\/ul>\n<p><strong>Special Award: <\/strong>Dr. Salvador Tarodo<\/p>\n<ul>\n<li>Student Paper Competition Winner (2 Teams)<\/li>\n<li>White Hat Competition Winner (3 Teams)<\/li>\n<\/ul>\n<p><strong>Official invitation to WHC 2027 in Mexico: <\/strong>Dr. Selene Bastidas Montiel<\/td>\n<\/tr>\n<tr>\n<td width=\"127\"><strong>18:30\u201319:00<\/strong><\/td>\n<td colspan=\"2\" width=\"497\"><strong>Closing Ceremony: <u>Plenary Hall of the City Council<\/u><\/strong><\/p>\n<ul>\n<li>Dra. Sherman Farhad, Director of the International Relations and Global Engagement Area at the University of Le\u00f3n<\/li>\n<li>Dra. Adriana Su\u00e1rez Corona, Director of the Cybersecurity Program at the University of Le\u00f3n<\/li>\n<li>Dr. Kyung-Shick Choi, Founder of the White Hat Conference<\/li>\n<\/ul>\n<\/td>\n<\/tr>\n<tr>\n<td width=\"127\"><strong>19:00\u201320:00<\/strong><\/td>\n<td colspan=\"2\" width=\"497\"><strong>Farewell Cocktails<\/strong>: Casa Botines (Gaud\u00ed\u2019s Building)<\/td>\n<\/tr>\n<\/tbody>\n<\/table>\n<p><\/div>\n<\/div>\n<\/p>\n<p style=\"text-align:center; margin-top:40px\"><a class=\"button\" target=\"_blank\" href=\"\/whitehat\/files\/2025\/06\/2025-White-Hat-Program.pdf\" rel=\"noopener noreferrer\">Download Program as a PDF<\/a><\/p>\n","protected":false},"excerpt":{"rendered":"<p>Download Program as a PDF<\/p>\n","protected":false},"author":1420,"featured_media":0,"parent":0,"menu_order":5,"comment_status":"closed","ping_status":"closed","template":"page-templates\/no-sidebars.php","meta":[],"_links":{"self":[{"href":"https:\/\/live.bu.edu\/whitehat\/wp-json\/wp\/v2\/pages\/64"}],"collection":[{"href":"https:\/\/live.bu.edu\/whitehat\/wp-json\/wp\/v2\/pages"}],"about":[{"href":"https:\/\/live.bu.edu\/whitehat\/wp-json\/wp\/v2\/types\/page"}],"author":[{"embeddable":true,"href":"https:\/\/live.bu.edu\/whitehat\/wp-json\/wp\/v2\/users\/1420"}],"replies":[{"embeddable":true,"href":"https:\/\/live.bu.edu\/whitehat\/wp-json\/wp\/v2\/comments?post=64"}],"version-history":[{"count":54,"href":"https:\/\/live.bu.edu\/whitehat\/wp-json\/wp\/v2\/pages\/64\/revisions"}],"predecessor-version":[{"id":2049,"href":"https:\/\/live.bu.edu\/whitehat\/wp-json\/wp\/v2\/pages\/64\/revisions\/2049"}],"wp:attachment":[{"href":"https:\/\/live.bu.edu\/whitehat\/wp-json\/wp\/v2\/media?parent=64"}],"curies":[{"name":"wp","href":"https:\/\/api.w.org\/{rel}","templated":true}]}}